{"id":8036,"date":"2022-03-31T16:07:19","date_gmt":"2022-03-31T13:07:19","guid":{"rendered":"https:\/\/staging-arc.liquid-themes.com\/interior\/?page_id=8036"},"modified":"2022-12-25T20:29:24","modified_gmt":"2022-12-25T17:29:24","slug":"about-us","status":"publish","type":"page","link":"https:\/\/oleaevleri.com.tr\/index.php\/about-us\/","title":{"rendered":"Hakk\u0131m\u0131zda"},"content":{"rendered":"\t\t<div data-elementor-type=\"wp-page\" data-elementor-id=\"8036\" class=\"elementor elementor-8036\">\n\t\t\t\t\t\t\t\t\t<section class=\"elementor-section elementor-top-section elementor-element elementor-element-e0a95fc elementor-section-boxed elementor-section-height-default elementor-section-height-default\" data-id=\"e0a95fc\" data-element_type=\"section\">\n\t\t\t\t\t\t<div class=\"elementor-container elementor-column-gap-default\">\n\t\t\t\t\t<div class=\"elementor-column elementor-col-100 elementor-top-column elementor-element elementor-element-0ac1f72\" data-id=\"0ac1f72\" data-element_type=\"column\">\n\t\t\t<div class=\"elementor-widget-wrap elementor-element-populated\">\n\t\t\t\t\t\t\t\t<div class=\"elementor-element elementor-element-a7e5a68 elementor-widget elementor-widget-hub_fancy_heading\" data-id=\"a7e5a68\" data-element_type=\"widget\" data-widget_type=\"hub_fancy_heading.default\">\n\t\t\t\t<div class=\"elementor-widget-container\">\n\t\t\t\n\t\t<div id=\"ld-fancy-heading-69e2253023bd2\" class=\"ld-fancy-heading pos-rel\">\n\t\t\t<h2 class=\"ld-fh-element d-inline-block pos-rel elementor-heading-title normal lqd-highlight-classic lqd-highlight-grow-left h2\"  > Olea Evleri, Er\u00f6z \u0130n\u015faat G\u00fcvencesiyle Sakinlerine <br>E\u015fsiz Bir Ya\u015fam Sunuyor<\/h2>\t\t<\/div>\n\n\t\t\t\t<\/div>\n\t\t\t\t<\/div>\n\t\t\t\t\t<\/div>\n\t\t<\/div>\n\t\t\t\t\t\t\t<\/div>\n\t\t<\/section>\n\t\t\t\t<section class=\"elementor-section elementor-top-section elementor-element elementor-element-87bc84c elementor-section-boxed elementor-section-height-default elementor-section-height-default\" data-id=\"87bc84c\" data-element_type=\"section\">\n\t\t\t\t\t\t<div class=\"elementor-container elementor-column-gap-default\">\n\t\t\t\t\t<div class=\"elementor-column elementor-col-100 elementor-top-column elementor-element elementor-element-9ee4880\" data-id=\"9ee4880\" data-element_type=\"column\">\n\t\t\t<div class=\"elementor-widget-wrap elementor-element-populated\">\n\t\t\t\t\t\t\t\t<div class=\"elementor-element elementor-element-12d3876 elementor-widget elementor-widget-hub_fancy_heading\" data-id=\"12d3876\" data-element_type=\"widget\" data-widget_type=\"hub_fancy_heading.default\">\n\t\t\t\t<div class=\"elementor-widget-container\">\n\t\t\t\n\t\t<div id=\"ld-fancy-heading-69e2253024b8c\" class=\"ld-fancy-heading pos-rel\">\n\t\t\t<h2 class=\"ld-fh-element d-inline-block pos-rel elementor-heading-title normal lqd-highlight-classic lqd-highlight-grow-left h2\"  > Er\u00f6z \u0130n\u015faat yurt i\u00e7inde a\u011f\u0131rl\u0131kl\u0131 olarak konut projeleri, fabrika yap\u0131lar\u0131, end\u00fcstriyel yap\u0131lar, su yap\u0131lar\u0131 beton kaplamalar ve konut in\u015faatlar\u0131nda taahh\u00fct ve \u00e7\u00f6z\u00fcm kurulu\u015fu olarak \u00e7al\u0131\u015fan bir genel m\u00fcteahhitlik firmas\u0131d\u0131r.\n<br><br>\nFirmam\u0131z 1994 y\u0131l\u0131nda Hayati Er\u00f6z taraf\u0131ndan kurulmu\u015ftur. \u015eirket kurulu\u015f tarihinden \u00f6nceleri beton kaplamalar, konut binalar\u0131, liman yap\u0131lar\u0131 ta\u015feronluklar\u0131 yapm\u0131\u015ft\u0131r. 1996 tarihinde yeniden yap\u0131lanma sonucu g\u00fc\u00e7lenen teknik kadro ile m\u00fcteahhitlik hizmetleri verilmeye ba\u015flanm\u0131\u015ft\u0131r. Firmam\u0131z Ege b\u00f6lgesinde \u00f6nemli fabrika, end\u00fcstri yap\u0131lar\u0131, \u00f6zel hizmet binalar\u0131, G\u00fcneydo\u011fu Anadolu b\u00f6lgesinde baraj ve sulama drenaj kanallar\u0131 gibi i\u015fler yaparak g\u00fcn\u00fcm\u00fcze ula\u015fm\u0131\u015ft\u0131r. <br><br>Bunca tecr\u00fcbe ve bilgi birikimiyle Er\u00f6z \u0130n\u015faat, insan ve iyi ya\u015fam kavramlar\u0131n\u0131 merkez alarak olu\u015fturdu\u011fu <b>Olea Evleri<\/b> markas\u0131yla sakinlerinin huzuru ve mutlulu\u011fu i\u00e7in in\u015fa ediyor.<\/h2>\t\t<\/div>\n\n\t\t\t\t<\/div>\n\t\t\t\t<\/div>\n\t\t\t\t\t<\/div>\n\t\t<\/div>\n\t\t\t\t\t\t\t<\/div>\n\t\t<\/section>\n\t\t\t\t<section data-custom-animations=\"true\" data-ca-options=\"{&quot;addChildTimelines&quot;:false,&quot;animationTarget&quot;:&quot;:scope &gt; .elementor-container &gt; .elementor-column&quot;,&quot;ease&quot;:[&quot;power4.out&quot;],&quot;initValues&quot;:{&quot;y&quot;:&quot;40px&quot;,&quot;opacity&quot;:0},&quot;animations&quot;:{&quot;y&quot;:&quot;0px&quot;,&quot;opacity&quot;:1}}\" class=\"elementor-section elementor-top-section elementor-element elementor-element-60883cbf elementor-section-boxed elementor-section-height-default elementor-section-height-default\" data-id=\"60883cbf\" data-element_type=\"section\">\n\t\t\t\t\t\t<div class=\"elementor-container elementor-column-gap-default\">\n\t\t\t\t\t<div class=\"elementor-column elementor-col-50 elementor-top-column elementor-element elementor-element-3c89097a elementor-hidden-tablet elementor-hidden-mobile\" data-id=\"3c89097a\" data-element_type=\"column\">\n\t\t\t<div class=\"elementor-widget-wrap elementor-element-populated\">\n\t\t\t\t\t\t\t\t<div data-parallax=\"true\" data-parallax-options=\"{&quot;ease&quot;:[&quot;linear&quot;],&quot;start&quot;:&quot;top bottom&quot;,&quot;end&quot;:&quot;bottom+=0px top&quot;}\" data-parallax-from=\"{&quot;y&quot;:&quot;150px&quot;}\" data-parallax-to=\"{&quot;y&quot;:&quot;0px&quot;}\" class=\"elementor-element elementor-element-42770a38 elementor-widget__width-initial elementor-widget elementor-widget-ld_fancy_image\" data-id=\"42770a38\" data-element_type=\"widget\" data-widget_type=\"ld_fancy_image.default\">\n\t\t\t\t<div class=\"elementor-widget-container\">\n\t\t\t\n\t\t\t<div class=\"lqd-imggrp-single d-inline-flex pos-rel align-items-center justify-content-center\" data-shadow-style=\"3\" data-inview=\"true\" data-animate-shadow=\"true\"  >\n\t\t\t\t\n\t\t\t\t\n\t\t\t\t<div class=\"lqd-imggrp-img-container pos-rel\" >\n\t\t\t\t\t\n\t\t\t\t\t<figure\n\t\t\t\t\t\tclass=\"w-100 pos-rel\"\n\t\t\t\t\t\t\t\t\t\t\t\t\t\t\t\t\t>\n\t\t\t\t\t\t<img decoding=\"async\" src=\"https:\/\/staging-arc.liquid-themes.com\/interior\/wp-content\/uploads\/2022\/03\/fi-1-2.jpeg\" title=\"\" alt=\"\" \/>\t\t\t\t\t\t\t\t\t\t\t\t\t\t\t\t\t\t\t\t\t\t\t\t\t\t\t\t\t\t\t\t\t\t\t\t\t\t\t\t\t\t\t\t\t\t\t<\/figure>\n\t\t\t\t\t\n\t\t\t\t<\/div>\n\t\t\t<\/div>\n\n\t\t\t\t<\/div>\n\t\t\t\t<\/div>\n\t\t\t\t<div data-parallax=\"true\" data-parallax-options=\"{&quot;ease&quot;:[&quot;linear&quot;],&quot;start&quot;:&quot;top bottom&quot;,&quot;end&quot;:&quot;bottom+=0px top&quot;}\" data-parallax-from=\"{&quot;y&quot;:&quot;0px&quot;}\" data-parallax-to=\"{&quot;y&quot;:&quot;50px&quot;}\" class=\"elementor-element elementor-element-15118bdc elementor-widget__width-initial elementor-widget elementor-widget-ld_fancy_image\" data-id=\"15118bdc\" data-element_type=\"widget\" data-widget_type=\"ld_fancy_image.default\">\n\t\t\t\t<div class=\"elementor-widget-container\">\n\t\t\t\n\t\t\t<div class=\"lqd-imggrp-single d-inline-flex pos-rel align-items-center justify-content-center\" data-shadow-style=\"3\" data-inview=\"true\" data-animate-shadow=\"true\"  >\n\t\t\t\t\n\t\t\t\t\n\t\t\t\t<div class=\"lqd-imggrp-img-container pos-rel\" >\n\t\t\t\t\t\n\t\t\t\t\t<figure\n\t\t\t\t\t\tclass=\"w-100 pos-rel\"\n\t\t\t\t\t\t\t\t\t\t\t\t\t\t\t\t\t>\n\t\t\t\t\t\t<img decoding=\"async\" width=\"432\" height=\"458\" src=\"https:\/\/oleaevleri.com.tr\/wp-content\/uploads\/2022\/11\/fi-1-2-3-4.jpg\" class=\"attachment-full size-full wp-image-8898\" alt=\"\" srcset=\"https:\/\/oleaevleri.com.tr\/wp-content\/uploads\/2022\/11\/fi-1-2-3-4.jpg 432w, https:\/\/oleaevleri.com.tr\/wp-content\/uploads\/2022\/11\/fi-1-2-3-4-283x300.jpg 283w\" sizes=\"(max-width: 432px) 100vw, 432px\" \/>\t\t\t\t\t\t\t\t\t\t\t\t\t\t\t\t\t\t\t\t\t\t\t\t\t\t\t\t\t\t\t\t\t\t\t\t\t\t\t\t\t\t\t\t\t\t\t<\/figure>\n\t\t\t\t\t\n\t\t\t\t<\/div>\n\t\t\t<\/div>\n\n\t\t\t\t<\/div>\n\t\t\t\t<\/div>\n\t\t\t\t<div data-parallax=\"true\" data-parallax-options=\"{&quot;ease&quot;:[&quot;linear&quot;],&quot;start&quot;:&quot;top bottom&quot;,&quot;end&quot;:&quot;bottom+=0px top&quot;}\" data-parallax-from=\"{&quot;y&quot;:&quot;50px&quot;}\" data-parallax-to=\"{&quot;y&quot;:&quot;-50px&quot;}\" class=\"elementor-element elementor-element-2d866a6c elementor-widget__width-initial elementor-absolute elementor-widget elementor-widget-ld_fancy_image\" data-id=\"2d866a6c\" data-element_type=\"widget\" data-settings=\"{&quot;_position&quot;:&quot;absolute&quot;}\" data-widget_type=\"ld_fancy_image.default\">\n\t\t\t\t<div class=\"elementor-widget-container\">\n\t\t\t\n\t\t\t<div class=\"lqd-imggrp-single d-inline-flex pos-rel align-items-end justify-content-center\" data-shadow-style=\"3\" data-inview=\"true\" data-animate-shadow=\"true\"  >\n\t\t\t\t\n\t\t\t\t<div class=\"lqd-imggrp-content lqd-imggrp-content-fixed-right lqd-imggrp-content-fixed \"><div class=\"lqd-imggrp-content-inner\"><p class=\"m-0\">ER\u00d6Z \u0130N\u015eAAT<\/p><\/div><\/div>\n\t\t\t\t<div class=\"lqd-imggrp-img-container pos-rel\" >\n\t\t\t\t\t\n\t\t\t\t\t<figure\n\t\t\t\t\t\tclass=\"w-100 pos-rel\"\n\t\t\t\t\t\t\t\t\t\t\t\t\t\t\t\t\t>\n\t\t\t\t\t\t<img decoding=\"async\" width=\"432\" height=\"458\" src=\"data:image\/svg+xml;charset=utf-8,%3Csvg xmlns%3D&#039;http%3A%2F%2Fwww.w3.org%2F2000%2Fsvg&#039; viewBox%3D&#039;0 0 432 458&#039;%2F%3E\" class=\"attachment-full size-full wp-image-8897 ld-lazyload\" alt=\"\" data-src=\"https:\/\/oleaevleri.com.tr\/wp-content\/uploads\/2022\/11\/fi-1-2-3.jpg\" data-srcset=\"https:\/\/oleaevleri.com.tr\/wp-content\/uploads\/2022\/11\/fi-1-2-3.jpg 432w, https:\/\/oleaevleri.com.tr\/wp-content\/uploads\/2022\/11\/fi-1-2-3-283x300.jpg 283w\" data-sizes=\"(max-width: 432px) 100vw, 432px\" data-aspect=\"0.94323144104803\" \/>\t\t\t\t\t\t\t\t\t\t\t\t\t\t\t\t\t\t\t\t\t\t\t\t\t\t\t\t\t\t\t\t\t\t\t\t\t\t\t\t\t\t\t\t\t\t\t<\/figure>\n\t\t\t\t\t\n\t\t\t\t<\/div>\n\t\t\t<\/div>\n\n\t\t\t\t<\/div>\n\t\t\t\t<\/div>\n\t\t\t\t\t<\/div>\n\t\t<\/div>\n\t\t\t\t<div class=\"elementor-column elementor-col-50 elementor-top-column elementor-element elementor-element-4b51e0e9\" data-id=\"4b51e0e9\" data-element_type=\"column\">\n\t\t\t<div class=\"elementor-widget-wrap elementor-element-populated\">\n\t\t\t\t\t\t\t\t<div class=\"elementor-element elementor-element-cb27a8a elementor-widget-divider--separator-type-pattern elementor-widget-divider--view-line elementor-widget elementor-widget-divider\" data-id=\"cb27a8a\" data-element_type=\"widget\" data-widget_type=\"divider.default\">\n\t\t\t\t<div class=\"elementor-widget-container\">\n\t\t\t<style>\/*! elementor - v3.9.2 - 21-12-2022 *\/\n.elementor-widget-divider{--divider-border-style:none;--divider-border-width:1px;--divider-color:#2c2c2c;--divider-icon-size:20px;--divider-element-spacing:10px;--divider-pattern-height:24px;--divider-pattern-size:20px;--divider-pattern-url:none;--divider-pattern-repeat:repeat-x}.elementor-widget-divider .elementor-divider{display:flex}.elementor-widget-divider .elementor-divider__text{font-size:15px;line-height:1;max-width:95%}.elementor-widget-divider .elementor-divider__element{margin:0 var(--divider-element-spacing);flex-shrink:0}.elementor-widget-divider .elementor-icon{font-size:var(--divider-icon-size)}.elementor-widget-divider .elementor-divider-separator{display:flex;margin:0;direction:ltr}.elementor-widget-divider--view-line_icon .elementor-divider-separator,.elementor-widget-divider--view-line_text .elementor-divider-separator{align-items:center}.elementor-widget-divider--view-line_icon .elementor-divider-separator:after,.elementor-widget-divider--view-line_icon .elementor-divider-separator:before,.elementor-widget-divider--view-line_text .elementor-divider-separator:after,.elementor-widget-divider--view-line_text .elementor-divider-separator:before{display:block;content:\"\";border-bottom:0;flex-grow:1;border-top:var(--divider-border-width) var(--divider-border-style) var(--divider-color)}.elementor-widget-divider--element-align-left .elementor-divider .elementor-divider-separator>.elementor-divider__svg:first-of-type{flex-grow:0;flex-shrink:100}.elementor-widget-divider--element-align-left .elementor-divider-separator:before{content:none}.elementor-widget-divider--element-align-left .elementor-divider__element{margin-left:0}.elementor-widget-divider--element-align-right .elementor-divider .elementor-divider-separator>.elementor-divider__svg:last-of-type{flex-grow:0;flex-shrink:100}.elementor-widget-divider--element-align-right .elementor-divider-separator:after{content:none}.elementor-widget-divider--element-align-right .elementor-divider__element{margin-right:0}.elementor-widget-divider:not(.elementor-widget-divider--view-line_text):not(.elementor-widget-divider--view-line_icon) .elementor-divider-separator{border-top:var(--divider-border-width) var(--divider-border-style) var(--divider-color)}.elementor-widget-divider--separator-type-pattern{--divider-border-style:none}.elementor-widget-divider--separator-type-pattern.elementor-widget-divider--view-line .elementor-divider-separator,.elementor-widget-divider--separator-type-pattern:not(.elementor-widget-divider--view-line) .elementor-divider-separator:after,.elementor-widget-divider--separator-type-pattern:not(.elementor-widget-divider--view-line) .elementor-divider-separator:before,.elementor-widget-divider--separator-type-pattern:not([class*=elementor-widget-divider--view]) .elementor-divider-separator{width:100%;min-height:var(--divider-pattern-height);-webkit-mask-size:var(--divider-pattern-size) 100%;mask-size:var(--divider-pattern-size) 100%;-webkit-mask-repeat:var(--divider-pattern-repeat);mask-repeat:var(--divider-pattern-repeat);background-color:var(--divider-color);-webkit-mask-image:var(--divider-pattern-url);mask-image:var(--divider-pattern-url)}.elementor-widget-divider--no-spacing{--divider-pattern-size:auto}.elementor-widget-divider--bg-round{--divider-pattern-repeat:round}.rtl .elementor-widget-divider .elementor-divider__text{direction:rtl}.e-con-inner>.elementor-widget-divider,.e-con>.elementor-widget-divider{width:var(--container-widget-width);--flex-grow:var(--container-widget-flex-grow)}<\/style>\t\t<div class=\"elementor-divider\" style=\"--divider-pattern-url: url(&quot;data:image\/svg+xml,%3Csvg xmlns=&#039;http:\/\/www.w3.org\/2000\/svg&#039; preserveAspectRatio=&#039;none&#039; overflow=&#039;visible&#039; height=&#039;100%&#039; viewBox=&#039;0 0 20 16&#039; fill=&#039;none&#039; stroke=&#039;black&#039; stroke-width=&#039;1&#039; stroke-linecap=&#039;square&#039; stroke-miterlimit=&#039;10&#039;%3E%3Cg transform=&#039;translate(-12.000000, 0)&#039;%3E%3Cpath d=&#039;M28,0L10,18&#039;\/%3E%3Cpath d=&#039;M18,0L0,18&#039;\/%3E%3Cpath d=&#039;M48,0L30,18&#039;\/%3E%3Cpath d=&#039;M38,0L20,18&#039;\/%3E%3C\/g%3E%3C\/svg%3E&quot;);\">\n\t\t\t<span class=\"elementor-divider-separator\">\n\t\t\t\t\t\t<\/span>\n\t\t<\/div>\n\t\t\t\t<\/div>\n\t\t\t\t<\/div>\n\t\t\t\t<div class=\"elementor-element elementor-element-46f85f71 elementor-widget elementor-widget-ld_button\" data-id=\"46f85f71\" data-element_type=\"widget\" data-widget_type=\"ld_button.default\">\n\t\t\t\t<div class=\"elementor-widget-container\">\n\t\t\t\n\t\t<a  href=\"http:\/\/oleaevleri.com.tr\/index.php\/contact\/\" class=\"elementor-button btn align-items-center justify-content-center pos-rel overflow-hidden ws-nowrap btn-solid btn-icon-right btn-hover-swp btn-has-label\" >\n\t\t\t\t\t\t\t<span class=\"btn-txt d-block pos-rel z-index-3\"  data-text=\"Bizimle ileti\u015fime ge\u00e7in\" >\n\t\t\t\t\t\t\t\t\t\t\tBizimle ileti\u015fime ge\u00e7in\t\t\t\t\t\t\t\t\t<\/span>\n\t\t\t\t\t\t\t\t\t\t\t<span class=\"btn-icon pos-rel z-index-3\">\n\t\t\t\t\t\t<i aria-hidden=\"true\" class=\"lqd-icn-ess icon-md-arrow-forward\"><\/i>\t\t\t\t\t<\/span>\n\t\t\t\t\t\t\t\t\t\t<span class=\"btn-icon pos-rel z-index-3\">\n\t\t\t\t\t\t<i aria-hidden=\"true\" class=\"lqd-icn-ess icon-md-arrow-forward\"><\/i>\t\t\t\t\t<\/span>\n\t\t\t\t\t\t\t<\/a>\n\n\t\t\t\t<\/div>\n\t\t\t\t<\/div>\n\t\t\t\t\t<\/div>\n\t\t<\/div>\n\t\t\t\t\t\t\t<\/div>\n\t\t<\/section>\n\t\t\t\t\t\t\t<\/div>\n\t\t","protected":false},"excerpt":{"rendered":"<p>Olea Evleri, Er\u00f6z \u0130n\u015faat G\u00fcvencesiyle Sakinlerine E\u015fsiz Bir Ya\u015fam Sunuyor Er\u00f6z \u0130n\u015faat yurt i\u00e7inde a\u011f\u0131rl\u0131kl\u0131 olarak konut projeleri, fabrika yap\u0131lar\u0131, end\u00fcstriyel yap\u0131lar, su yap\u0131lar\u0131 beton kaplamalar ve konut in\u015faatlar\u0131nda taahh\u00fct ve \u00e7\u00f6z\u00fcm kurulu\u015fu olarak \u00e7al\u0131\u015fan bir genel m\u00fcteahhitlik firmas\u0131d\u0131r. Firmam\u0131z 1994 y\u0131l\u0131nda Hayati Er\u00f6z taraf\u0131ndan kurulmu\u015ftur. \u015eirket kurulu\u015f tarihinden \u00f6nceleri beton kaplamalar, konut binalar\u0131, liman [&hellip;]<\/p>\n","protected":false},"author":1,"featured_media":0,"parent":0,"menu_order":0,"comment_status":"closed","ping_status":"closed","template":"","meta":{"footnotes":""},"class_list":["post-8036","page","type-page","status-publish","hentry"],"_links":{"self":[{"href":"https:\/\/oleaevleri.com.tr\/index.php\/wp-json\/wp\/v2\/pages\/8036","targetHints":{"allow":["GET"]}}],"collection":[{"href":"https:\/\/oleaevleri.com.tr\/index.php\/wp-json\/wp\/v2\/pages"}],"about":[{"href":"https:\/\/oleaevleri.com.tr\/index.php\/wp-json\/wp\/v2\/types\/page"}],"author":[{"embeddable":true,"href":"https:\/\/oleaevleri.com.tr\/index.php\/wp-json\/wp\/v2\/users\/1"}],"replies":[{"embeddable":true,"href":"https:\/\/oleaevleri.com.tr\/index.php\/wp-json\/wp\/v2\/comments?post=8036"}],"version-history":[{"count":22,"href":"https:\/\/oleaevleri.com.tr\/index.php\/wp-json\/wp\/v2\/pages\/8036\/revisions"}],"predecessor-version":[{"id":8964,"href":"https:\/\/oleaevleri.com.tr\/index.php\/wp-json\/wp\/v2\/pages\/8036\/revisions\/8964"}],"wp:attachment":[{"href":"https:\/\/oleaevleri.com.tr\/index.php\/wp-json\/wp\/v2\/media?parent=8036"}],"curies":[{"name":"wp","href":"https:\/\/api.w.org\/{rel}","templated":true}]}}